{"id":663,"date":"2023-03-03T17:32:55","date_gmt":"2023-03-03T17:32:55","guid":{"rendered":"https:\/\/melantuche.es\/?page_id=663"},"modified":"2023-03-03T17:45:58","modified_gmt":"2023-03-03T17:45:58","slug":"el-estu","status":"publish","type":"page","link":"https:\/\/melantuche.es\/?page_id=663","title":{"rendered":"El Estu"},"content":{"rendered":"\t\t<div data-elementor-type=\"wp-page\" data-elementor-id=\"663\" class=\"elementor elementor-663\">\n\t\t\t\t\t\t<section class=\"elementor-section elementor-top-section elementor-element elementor-element-331ece9c elementor-section-content-middle elementor-section-boxed elementor-section-height-default elementor-section-height-default\" data-id=\"331ece9c\" data-element_type=\"section\" data-settings=\"{&quot;background_background&quot;:&quot;classic&quot;}\">\n\t\t\t\t\t\t<div class=\"elementor-container elementor-column-gap-no\">\n\t\t\t\t\t<div class=\"elementor-column elementor-col-50 elementor-top-column elementor-element elementor-element-3e872354\" data-id=\"3e872354\" data-element_type=\"column\">\n\t\t\t<div class=\"elementor-widget-wrap elementor-element-populated\">\n\t\t\t\t\t\t<div class=\"elementor-element elementor-element-4eb31378 elementor-widget elementor-widget-image\" data-id=\"4eb31378\" data-element_type=\"widget\" data-widget_type=\"image.default\">\n\t\t\t\t<div class=\"elementor-widget-container\">\n\t\t\t\t\t\t\t\t\t\t\t\t\t\t\t<img fetchpriority=\"high\" decoding=\"async\" width=\"2368\" height=\"1784\" src=\"https:\/\/melantuche.es\/wp-content\/uploads\/2023\/03\/JUAN.jpg\" class=\"attachment-full size-full wp-image-673\" alt=\"\" srcset=\"https:\/\/melantuche.es\/wp-content\/uploads\/2023\/03\/JUAN.jpg 2368w, https:\/\/melantuche.es\/wp-content\/uploads\/2023\/03\/JUAN-300x226.jpg 300w, https:\/\/melantuche.es\/wp-content\/uploads\/2023\/03\/JUAN-1024x771.jpg 1024w, https:\/\/melantuche.es\/wp-content\/uploads\/2023\/03\/JUAN-768x579.jpg 768w, https:\/\/melantuche.es\/wp-content\/uploads\/2023\/03\/JUAN-1536x1157.jpg 1536w, https:\/\/melantuche.es\/wp-content\/uploads\/2023\/03\/JUAN-2048x1543.jpg 2048w\" sizes=\"(max-width: 2368px) 100vw, 2368px\" \/>\t\t\t\t\t\t\t\t\t\t\t\t\t\t\t<\/div>\n\t\t\t\t<\/div>\n\t\t\t\t\t<\/div>\n\t\t<\/div>\n\t\t\t\t<div class=\"elementor-column elementor-col-50 elementor-top-column elementor-element elementor-element-2c375ed1\" data-id=\"2c375ed1\" data-element_type=\"column\">\n\t\t\t<div class=\"elementor-widget-wrap elementor-element-populated\">\n\t\t\t\t\t\t<div class=\"elementor-element elementor-element-384a3e1f elementor-widget elementor-widget-heading\" data-id=\"384a3e1f\" data-element_type=\"widget\" data-widget_type=\"heading.default\">\n\t\t\t\t<div class=\"elementor-widget-container\">\n\t\t\t\t\t<h4 class=\"elementor-heading-title elementor-size-default\">Desde 1969<\/h4>\t\t\t\t<\/div>\n\t\t\t\t<\/div>\n\t\t\t\t<div class=\"elementor-element elementor-element-4eabe3ba elementor-widget elementor-widget-text-editor\" data-id=\"4eabe3ba\" data-element_type=\"widget\" data-widget_type=\"text-editor.default\">\n\t\t\t\t<div class=\"elementor-widget-container\">\n\t\t\t\t\t\t\t\t\t<p>El Estudio Melantuche se cre\u00f3 a mediados del a\u00f1o 1969, siendo Juan Antonio Melantuche su fundador.<\/p>\n<p>La filosof\u00eda del estudio ha sido siempre dar un servicio total al cliente, no solo resolver su necesidad o petici\u00f3n sino ofrecer un trato agradable y familiar. Esta es una de nuestras garant\u00edas de \u00e9xito.<\/p>\t\t\t\t\t\t\t\t<\/div>\n\t\t\t\t<\/div>\n\t\t\t\t\t<\/div>\n\t\t<\/div>\n\t\t\t\t\t<\/div>\n\t\t<\/section>\n\t\t\t\t<\/div>\n\t\t","protected":false},"excerpt":{"rendered":"<p>Desde 1969 El Estudio Melantuche se cre\u00f3 a mediados del a\u00f1o 1969, siendo Juan Antonio Melantuche su fundador. La filosof\u00eda del estudio ha sido siempre dar un servicio total al cliente, no solo resolver su necesidad o petici\u00f3n sino ofrecer un trato agradable y familiar. Esta es una de nuestras garant\u00edas de \u00e9xito.<\/p>\n","protected":false},"author":1,"featured_media":0,"parent":0,"menu_order":0,"comment_status":"closed","ping_status":"closed","template":"","meta":{"site-sidebar-layout":"no-sidebar","site-content-layout":"page-builder","ast-site-content-layout":"","site-content-style":"default","site-sidebar-style":"default","ast-global-header-display":"","ast-banner-title-visibility":"","ast-main-header-display":"","ast-hfb-above-header-display":"","ast-hfb-below-header-display":"","ast-hfb-mobile-header-display":"","site-post-title":"disabled","ast-breadcrumbs-content":"","ast-featured-img":"disabled","footer-sml-layout":"","theme-transparent-header-meta":"","adv-header-id-meta":"","stick-header-meta":"","header-above-stick-meta":"","header-main-stick-meta":"","header-below-stick-meta":"","astra-migrate-meta-layouts":"default","ast-page-background-enabled":"default","ast-page-background-meta":{"desktop":{"background-color":"var(--ast-global-color-4)","background-image":"","background-repeat":"repeat","background-position":"center center","background-size":"auto","background-attachment":"scroll","background-type":"","background-media":"","overlay-type":"","overlay-color":"","overlay-opacity":"","overlay-gradient":""},"tablet":{"background-color":"","background-image":"","background-repeat":"repeat","background-position":"center center","background-size":"auto","background-attachment":"scroll","background-type":"","background-media":"","overlay-type":"","overlay-color":"","overlay-opacity":"","overlay-gradient":""},"mobile":{"background-color":"","background-image":"","background-repeat":"repeat","background-position":"center center","background-size":"auto","background-attachment":"scroll","background-type":"","background-media":"","overlay-type":"","overlay-color":"","overlay-opacity":"","overlay-gradient":""}},"ast-content-background-meta":{"desktop":{"background-color":"var(--ast-global-color-5)","background-image":"","background-repeat":"repeat","background-position":"center center","background-size":"auto","background-attachment":"scroll","background-type":"","background-media":"","overlay-type":"","overlay-color":"","overlay-opacity":"","overlay-gradient":""},"tablet":{"background-color":"var(--ast-global-color-5)","background-image":"","background-repeat":"repeat","background-position":"center center","background-size":"auto","background-attachment":"scroll","background-type":"","background-media":"","overlay-type":"","overlay-color":"","overlay-opacity":"","overlay-gradient":""},"mobile":{"background-color":"var(--ast-global-color-5)","background-image":"","background-repeat":"repeat","background-position":"center center","background-size":"auto","background-attachment":"scroll","background-type":"","background-media":"","overlay-type":"","overlay-color":"","overlay-opacity":"","overlay-gradient":""}},"footnotes":""},"class_list":["post-663","page","type-page","status-publish","hentry"],"_links":{"self":[{"href":"https:\/\/melantuche.es\/index.php?rest_route=\/wp\/v2\/pages\/663","targetHints":{"allow":["GET"]}}],"collection":[{"href":"https:\/\/melantuche.es\/index.php?rest_route=\/wp\/v2\/pages"}],"about":[{"href":"https:\/\/melantuche.es\/index.php?rest_route=\/wp\/v2\/types\/page"}],"author":[{"embeddable":true,"href":"https:\/\/melantuche.es\/index.php?rest_route=\/wp\/v2\/users\/1"}],"replies":[{"embeddable":true,"href":"https:\/\/melantuche.es\/index.php?rest_route=%2Fwp%2Fv2%2Fcomments&post=663"}],"version-history":[{"count":10,"href":"https:\/\/melantuche.es\/index.php?rest_route=\/wp\/v2\/pages\/663\/revisions"}],"predecessor-version":[{"id":679,"href":"https:\/\/melantuche.es\/index.php?rest_route=\/wp\/v2\/pages\/663\/revisions\/679"}],"wp:attachment":[{"href":"https:\/\/melantuche.es\/index.php?rest_route=%2Fwp%2Fv2%2Fmedia&parent=663"}],"curies":[{"name":"wp","href":"https:\/\/api.w.org\/{rel}","templated":true}]}}